{"id":6,"date":"2018-09-24T22:05:13","date_gmt":"2018-09-24T22:05:13","guid":{"rendered":"https:\/\/jupiterx.artbees.net\/cyllene\/?page_id=6"},"modified":"2025-03-04T22:09:21","modified_gmt":"2025-03-04T21:09:21","slug":"accueil","status":"publish","type":"page","link":"http:\/\/meublesetcopeaux.fr\/dev\/","title":{"rendered":"Accueil"},"content":{"rendered":"\n<div class=\"alignnormal\"><div id=\"metaslider-id-786\" style=\"width: 100%;\" class=\"ml-slider-3-96-0 metaslider metaslider-flex metaslider-786 ml-slider ms-theme-default-base nav-hidden\" role=\"region\" aria-roledescription=\"Slideshow\" aria-label=\"Home\">\n    <div id=\"metaslider_container_786\">\n        <div id=\"metaslider_786\">\n            <ul class='slides'>\n                <li style=\"display: block; width: 100%;\" class=\"slide-787 ms-image \" aria-roledescription=\"slide\" aria-label=\"slide-787\" data-date=\"2025-02-20 15:45:58\"><img loading=\"lazy\" decoding=\"async\" src=\"http:\/\/meublesetcopeaux.fr\/dev\/wp-content\/uploads\/2021\/02\/IMG_9779-scaled-1200x500.jpg\" height=\"500\" width=\"1200\" alt=\"\" class=\"slider-786 slide-787\" title=\"IMG_9779\" \/><\/li>\n                <li style=\"display: none; width: 100%;\" class=\"slide-788 ms-image \" aria-roledescription=\"slide\" aria-label=\"slide-788\" data-date=\"2025-02-20 15:45:58\"><img loading=\"lazy\" decoding=\"async\" src=\"http:\/\/meublesetcopeaux.fr\/dev\/wp-content\/uploads\/2021\/02\/IMG_9777-scaled-1200x500.jpg\" height=\"500\" width=\"1200\" alt=\"\" class=\"slider-786 slide-788\" title=\"IMG_9777\" \/><\/li>\n                <li style=\"display: none; width: 100%;\" class=\"slide-789 ms-image \" aria-roledescription=\"slide\" aria-label=\"slide-789\" data-date=\"2025-02-20 15:45:58\"><img loading=\"lazy\" decoding=\"async\" src=\"http:\/\/meublesetcopeaux.fr\/dev\/wp-content\/uploads\/2021\/02\/IMG_9745-scaled-1200x500.jpg\" height=\"500\" width=\"1200\" alt=\"\" class=\"slider-786 slide-789\" title=\"IMG_9745\" \/><\/li>\n            <\/ul>\n        <\/div>\n        \n    <\/div>\n<\/div><\/div>\n\n\n\n<div class=\"wp-block-group has-global-padding is-layout-constrained wp-block-group-is-layout-constrained\">\n<div class=\"wp-block-columns is-layout-flex wp-container-core-columns-is-layout-28f84493 wp-block-columns-is-layout-flex\">\n<div class=\"wp-block-column is-style-default has-medium-font-size is-layout-flow wp-container-core-column-is-layout-6197ad33 wp-block-column-is-layout-flow\" style=\"padding-top:var(--wp--preset--spacing--50);padding-right:var(--wp--preset--spacing--50);padding-bottom:var(--wp--preset--spacing--50);padding-left:var(--wp--preset--spacing--50)\"><div class=\"aligncenter wp-block-site-logo\"><a href=\"http:\/\/meublesetcopeaux.fr\/dev\/\" class=\"custom-logo-link\" rel=\"home\"><img loading=\"lazy\" decoding=\"async\" width=\"263\" height=\"160\" src=\"http:\/\/meublesetcopeaux.fr\/dev\/wp-content\/uploads\/2021\/02\/logo-orange.png\" class=\"custom-logo\" alt=\"Meubles et Copeaux\" srcset=\"http:\/\/meublesetcopeaux.fr\/dev\/wp-content\/uploads\/2021\/02\/logo-orange.png 990w, http:\/\/meublesetcopeaux.fr\/dev\/wp-content\/uploads\/2021\/02\/logo-orange-300x183.png 300w, http:\/\/meublesetcopeaux.fr\/dev\/wp-content\/uploads\/2021\/02\/logo-orange-768x469.png 768w\" sizes=\"auto, (max-width: 263px) 100vw, 263px\" \/><\/a><\/div>\n\n\n<h1 class=\"wp-block-heading has-text-align-center\">Un artisanat \u00e0 taille humaine<\/h1>\n\n\n\n<h3 class=\"wp-block-heading has-text-align-center\">Du bois et de la conscience<\/h3>\n<\/div>\n\n\n\n<div class=\"wp-block-column is-style-default has-medium-font-size is-layout-flow wp-container-core-column-is-layout-6197ad33 wp-block-column-is-layout-flow\" style=\"padding-top:var(--wp--preset--spacing--50);padding-right:var(--wp--preset--spacing--50);padding-bottom:var(--wp--preset--spacing--50);padding-left:var(--wp--preset--spacing--50)\">\n<p>Chez <strong><em>Meuble et Copeaux<\/em><\/strong>, le temps s&#8217;\u00e9coule avec respect. Produire, mais en conscience.<\/p>\n\n\n\n<p>Chaque pi\u00e8ce de bois qui passe par l&#8217;atelier <strong><em>Meuble et Copeaux<\/em><\/strong> est confectionn\u00e9 avec soin et avec le temps qu&#8217;elle n\u00e9cessite <strong>vraiment<\/strong>.<\/p>\n\n\n\n<p>De la grume aux meubles, le bois ne vient jamais de tr\u00e8s loin, il est connu et respect\u00e9.<\/p>\n\n\n\n<p>Tant que faire ce peut, l&#8217;outil de main est pr\u00e9f\u00e9r\u00e9 \u00e0 la machine. <\/p>\n\n\n\n<p>Ici&nbsp; les mouvements du bois sont ressentis et la pi\u00e8ce finale acqui\u00e8re plus de valeur.<\/p>\n\n\n\n<p>La philosophie fait enti\u00e8rement partie du processus.<\/p>\n<\/div>\n<\/div>\n<\/div>\n\n\n\n<div class=\"wp-block-cover has-parallax\" style=\"min-height:496px;aspect-ratio:unset;\"><span aria-hidden=\"true\" class=\"wp-block-cover__background has-contrast-background-color has-background-dim\"><\/span><div class=\"wp-block-cover__image-background wp-image-694 has-parallax\" style=\"background-position:50% 50%;background-image:url(http:\/\/meublesetcopeaux.fr\/dev\/wp-content\/uploads\/2021\/02\/IMG_9785-scaled.jpg)\"><\/div><div class=\"wp-block-cover__inner-container is-layout-flow wp-block-cover-is-layout-flow\">\n<p class=\"has-text-align-center is-style-default has-accent-1-color has-text-color has-link-color has-roboto-slab-font-family has-x-large-font-size wp-elements-611cd5c2ed95c2f77d4e304623d2ca59\">Notre savoir faire s\u2019\u00e9tend de la menuiserie g\u00e9n\u00e9rale \u00e0 <br>la cr\u00e9ation de meubles sur mesure en passant par <br>l\u2019ossature bois et la charpente.<\/p>\n<\/div><\/div>\n\n\n\n<div class=\"wp-block-group has-global-padding is-layout-constrained wp-block-group-is-layout-constrained\">\n<div style=\"height:70px\" aria-hidden=\"true\" class=\"wp-block-spacer\"><\/div>\n\n\n\n<div class=\"wp-block-columns is-layout-flex wp-container-core-columns-is-layout-28f84493 wp-block-columns-is-layout-flex\">\n<div class=\"wp-block-column is-vertically-aligned-center is-layout-flow wp-block-column-is-layout-flow\" style=\"flex-basis:50%\">\n<div class=\"wp-block-buttons is-vertical is-content-justification-right is-layout-flex wp-container-core-buttons-is-layout-de070251 wp-block-buttons-is-layout-flex\">\n<div class=\"wp-block-button\"><a class=\"wp-block-button__link wp-element-button\" href=\"https:\/\/meublesetcopeaux.fr\/dev\/services\/menuiserie-interieure\/\">Menuiserie et Agencement int\u00e9rieur<\/a><\/div>\n\n\n\n<div class=\"wp-block-button\"><a class=\"wp-block-button__link wp-element-button\" href=\"https:\/\/meublesetcopeaux.fr\/dev\/agencement-et-ossature-exterieur\/\">Agencement et ossature ext\u00e9rieur<\/a><\/div>\n\n\n\n<div class=\"wp-block-button\"><a class=\"wp-block-button__link wp-element-button\" href=\"https:\/\/meublesetcopeaux.fr\/dev\/meubles-sur-mesure\/\">Meubles sur-mesure<\/a><\/div>\n<\/div>\n<\/div>\n\n\n\n<div class=\"wp-block-column is-layout-flow wp-block-column-is-layout-flow\" style=\"flex-basis:50%\">\n<p><strong>Menuisier dipl\u00f4m\u00e9 <\/strong>(CAP en menuiserie bois et agencement)<strong> et fort de six ann\u00e9es d\u2019exp\u00e9riences dans la construction en ossature bois, j\u2019ai cr\u00e9\u00e9 la menuiserie \u00abMeubles et Copeaux \u00bb en 2014 \u00e0 Plo\u00ebrmel, en Bretagne.<\/strong><\/p>\n\n\n\n<p>Pour soutenir l\u2019\u00e9conomie locale et garantir la qualit\u00e9 de mes r\u00e9alisations, je privil\u00e9gie un approvisionnement en circuit court aupr\u00e8s de scieries et d\u2019entreprises de sciage de la r\u00e9gion. Je collabore \u00e9galement avec diff\u00e9rents artisans (chaudronnier, couvreur, etc.) pour mener \u00e0 bien des projets vari\u00e9s.<\/p>\n\n\n\n<p>Que vous soyez particulier ou professionnel, j\u2019\u00e9tudie chaque demande avec soin afin de vous proposer des solutions sur mesure, adapt\u00e9es \u00e0 vos besoins et \u00e0 votre budget.<\/p>\n<\/div>\n<\/div>\n<\/div>\n","protected":false},"excerpt":{"rendered":"<p>Un artisanat \u00e0 taille humaine Du bois et de la conscience Chez Meuble et Copeaux, le temps s&#8217;\u00e9coule avec respect. Produire, mais en conscience. Chaque pi\u00e8ce de bois qui passe par l&#8217;atelier Meuble et Copeaux est confectionn\u00e9 avec soin et avec le temps qu&#8217;elle n\u00e9cessite vraiment. De la grume aux meubles, le bois ne vient [&hellip;]<\/p>\n","protected":false},"author":1,"featured_media":0,"parent":0,"menu_order":0,"comment_status":"closed","ping_status":"closed","template":"page-no-title","meta":{"footnotes":""},"class_list":["post-6","page","type-page","status-publish","hentry"],"yoast_head":"<!-- This site is optimized with the Yoast SEO plugin v24.5 - https:\/\/yoast.com\/wordpress\/plugins\/seo\/ -->\n<title>Accueil - Meubles et Copeaux<\/title>\n<meta name=\"description\" content=\"Notre savoir faire s\u2019\u00e9tend de la menuiserie g\u00e9n\u00e9rale \u00e0 la cr\u00e9ation de meubles sur mesure en passant par l\u2019ossature bois et la charpente.\" \/>\n<meta name=\"robots\" content=\"index, follow, max-snippet:-1, max-image-preview:large, max-video-preview:-1\" \/>\n<link rel=\"canonical\" href=\"https:\/\/meublesetcopeaux.fr\/dev\/\" \/>\n<meta property=\"og:locale\" content=\"en_US\" \/>\n<meta property=\"og:type\" content=\"article\" \/>\n<meta property=\"og:title\" content=\"Accueil - Meubles et Copeaux\" \/>\n<meta property=\"og:description\" content=\"Notre savoir faire s\u2019\u00e9tend de la menuiserie g\u00e9n\u00e9rale \u00e0 la cr\u00e9ation de meubles sur mesure en passant par l\u2019ossature bois et la charpente.\" \/>\n<meta property=\"og:url\" content=\"https:\/\/meublesetcopeaux.fr\/dev\/\" \/>\n<meta property=\"og:site_name\" content=\"Meubles et Copeaux\" \/>\n<meta property=\"article:modified_time\" content=\"2025-03-04T21:09:21+00:00\" \/>\n<meta name=\"twitter:card\" content=\"summary_large_image\" \/>\n<meta name=\"twitter:label1\" content=\"Est. reading time\" \/>\n\t<meta name=\"twitter:data1\" content=\"2 minutes\" \/>\n<script type=\"application\/ld+json\" class=\"yoast-schema-graph\">{\"@context\":\"https:\/\/schema.org\",\"@graph\":[{\"@type\":\"WebPage\",\"@id\":\"https:\/\/meublesetcopeaux.fr\/dev\/\",\"url\":\"https:\/\/meublesetcopeaux.fr\/dev\/\",\"name\":\"Accueil - Meubles et Copeaux\",\"isPartOf\":{\"@id\":\"\/#website\"},\"datePublished\":\"2018-09-24T22:05:13+00:00\",\"dateModified\":\"2025-03-04T21:09:21+00:00\",\"description\":\"Notre savoir faire s\u2019\u00e9tend de la menuiserie g\u00e9n\u00e9rale \u00e0 la cr\u00e9ation de meubles sur mesure en passant par l\u2019ossature bois et la charpente.\",\"breadcrumb\":{\"@id\":\"https:\/\/meublesetcopeaux.fr\/dev\/#breadcrumb\"},\"inLanguage\":\"en-US\",\"potentialAction\":[{\"@type\":\"ReadAction\",\"target\":[\"https:\/\/meublesetcopeaux.fr\/dev\/\"]}]},{\"@type\":\"BreadcrumbList\",\"@id\":\"https:\/\/meublesetcopeaux.fr\/dev\/#breadcrumb\",\"itemListElement\":[{\"@type\":\"ListItem\",\"position\":1,\"name\":\"Home\",\"item\":\"https:\/\/meublesetcopeaux.fr\/dev\/\"},{\"@type\":\"ListItem\",\"position\":2,\"name\":\"Accueil\"}]},{\"@type\":\"WebSite\",\"@id\":\"\/#website\",\"url\":\"\/\",\"name\":\"Meubles et Copeaux\",\"description\":\"Le travail du bois en conscience\",\"publisher\":{\"@id\":\"\/#organization\"},\"potentialAction\":[{\"@type\":\"SearchAction\",\"target\":{\"@type\":\"EntryPoint\",\"urlTemplate\":\"\/?s={search_term_string}\"},\"query-input\":{\"@type\":\"PropertyValueSpecification\",\"valueRequired\":true,\"valueName\":\"search_term_string\"}}],\"inLanguage\":\"en-US\"},{\"@type\":\"Organization\",\"@id\":\"\/#organization\",\"name\":\"Meubles et Copeaux\",\"url\":\"\/\",\"logo\":{\"@type\":\"ImageObject\",\"inLanguage\":\"en-US\",\"@id\":\"\/#\/schema\/logo\/image\/\",\"url\":\"http:\/\/meublesetcopeaux.fr\/dev\/wp-content\/uploads\/2021\/02\/logo-orange.png\",\"contentUrl\":\"http:\/\/meublesetcopeaux.fr\/dev\/wp-content\/uploads\/2021\/02\/logo-orange.png\",\"width\":990,\"height\":604,\"caption\":\"Meubles et Copeaux\"},\"image\":{\"@id\":\"\/#\/schema\/logo\/image\/\"}}]}<\/script>\n<!-- \/ Yoast SEO plugin. -->","yoast_head_json":{"title":"Accueil - Meubles et Copeaux","description":"Notre savoir faire s\u2019\u00e9tend de la menuiserie g\u00e9n\u00e9rale \u00e0 la cr\u00e9ation de meubles sur mesure en passant par l\u2019ossature bois et la charpente.","robots":{"index":"index","follow":"follow","max-snippet":"max-snippet:-1","max-image-preview":"max-image-preview:large","max-video-preview":"max-video-preview:-1"},"canonical":"https:\/\/meublesetcopeaux.fr\/dev\/","og_locale":"en_US","og_type":"article","og_title":"Accueil - Meubles et Copeaux","og_description":"Notre savoir faire s\u2019\u00e9tend de la menuiserie g\u00e9n\u00e9rale \u00e0 la cr\u00e9ation de meubles sur mesure en passant par l\u2019ossature bois et la charpente.","og_url":"https:\/\/meublesetcopeaux.fr\/dev\/","og_site_name":"Meubles et Copeaux","article_modified_time":"2025-03-04T21:09:21+00:00","twitter_card":"summary_large_image","twitter_misc":{"Est. reading time":"2 minutes"},"schema":{"@context":"https:\/\/schema.org","@graph":[{"@type":"WebPage","@id":"https:\/\/meublesetcopeaux.fr\/dev\/","url":"https:\/\/meublesetcopeaux.fr\/dev\/","name":"Accueil - Meubles et Copeaux","isPartOf":{"@id":"\/#website"},"datePublished":"2018-09-24T22:05:13+00:00","dateModified":"2025-03-04T21:09:21+00:00","description":"Notre savoir faire s\u2019\u00e9tend de la menuiserie g\u00e9n\u00e9rale \u00e0 la cr\u00e9ation de meubles sur mesure en passant par l\u2019ossature bois et la charpente.","breadcrumb":{"@id":"https:\/\/meublesetcopeaux.fr\/dev\/#breadcrumb"},"inLanguage":"en-US","potentialAction":[{"@type":"ReadAction","target":["https:\/\/meublesetcopeaux.fr\/dev\/"]}]},{"@type":"BreadcrumbList","@id":"https:\/\/meublesetcopeaux.fr\/dev\/#breadcrumb","itemListElement":[{"@type":"ListItem","position":1,"name":"Home","item":"https:\/\/meublesetcopeaux.fr\/dev\/"},{"@type":"ListItem","position":2,"name":"Accueil"}]},{"@type":"WebSite","@id":"\/#website","url":"\/","name":"Meubles et Copeaux","description":"Le travail du bois en conscience","publisher":{"@id":"\/#organization"},"potentialAction":[{"@type":"SearchAction","target":{"@type":"EntryPoint","urlTemplate":"\/?s={search_term_string}"},"query-input":{"@type":"PropertyValueSpecification","valueRequired":true,"valueName":"search_term_string"}}],"inLanguage":"en-US"},{"@type":"Organization","@id":"\/#organization","name":"Meubles et Copeaux","url":"\/","logo":{"@type":"ImageObject","inLanguage":"en-US","@id":"\/#\/schema\/logo\/image\/","url":"http:\/\/meublesetcopeaux.fr\/dev\/wp-content\/uploads\/2021\/02\/logo-orange.png","contentUrl":"http:\/\/meublesetcopeaux.fr\/dev\/wp-content\/uploads\/2021\/02\/logo-orange.png","width":990,"height":604,"caption":"Meubles et Copeaux"},"image":{"@id":"\/#\/schema\/logo\/image\/"}}]}},"_links":{"self":[{"href":"http:\/\/meublesetcopeaux.fr\/dev\/wp-json\/wp\/v2\/pages\/6","targetHints":{"allow":["GET"]}}],"collection":[{"href":"http:\/\/meublesetcopeaux.fr\/dev\/wp-json\/wp\/v2\/pages"}],"about":[{"href":"http:\/\/meublesetcopeaux.fr\/dev\/wp-json\/wp\/v2\/types\/page"}],"author":[{"embeddable":true,"href":"http:\/\/meublesetcopeaux.fr\/dev\/wp-json\/wp\/v2\/users\/1"}],"replies":[{"embeddable":true,"href":"http:\/\/meublesetcopeaux.fr\/dev\/wp-json\/wp\/v2\/comments?post=6"}],"version-history":[{"count":67,"href":"http:\/\/meublesetcopeaux.fr\/dev\/wp-json\/wp\/v2\/pages\/6\/revisions"}],"predecessor-version":[{"id":934,"href":"http:\/\/meublesetcopeaux.fr\/dev\/wp-json\/wp\/v2\/pages\/6\/revisions\/934"}],"wp:attachment":[{"href":"http:\/\/meublesetcopeaux.fr\/dev\/wp-json\/wp\/v2\/media?parent=6"}],"curies":[{"name":"wp","href":"https:\/\/api.w.org\/{rel}","templated":true}]}}