{"id":873,"date":"2025-02-26T16:03:03","date_gmt":"2025-02-26T15:03:25","guid":{"rendered":"https:\/\/meublesetcopeaux.fr\/dev\/?page_id=873"},"modified":"2025-04-18T12:16:46","modified_gmt":"2025-04-18T10:16:46","slug":"agencement-et-ossature-exterieur","status":"publish","type":"page","link":"https:\/\/meublesetcopeaux.fr\/dev\/services\/agencement-et-ossature-exterieur\/","title":{"rendered":"Agencement et ossature ext\u00e9rieure"},"content":{"rendered":"\n<div class=\"wp-block-group alignfull is-style-section-2 has-global-padding is-content-justification-center is-layout-constrained wp-container-core-group-is-layout-99e72331 wp-block-group-is-layout-constrained is-style-section-2--1\" style=\"border-style:none;border-width:0px;margin-top:0;margin-bottom:0;padding-top:var(--wp--preset--spacing--60);padding-bottom:var(--wp--preset--spacing--60)\">\n<div class=\"wp-block-columns alignwide is-layout-flex wp-container-core-columns-is-layout-643ced6b wp-block-columns-is-layout-flex\">\n<div class=\"wp-block-column is-layout-flow wp-block-column-is-layout-flow\" style=\"flex-basis:40%\">\n<figure class=\"wp-block-image aligncenter size-full is-resized\"><img loading=\"lazy\" decoding=\"async\" width=\"990\" height=\"604\" src=\"http:\/\/meublesetcopeaux.fr\/dev\/wp-content\/uploads\/2020\/09\/logo-blanc.png\" alt=\"\" class=\"wp-image-636\" style=\"width:151px;height:auto\" srcset=\"https:\/\/meublesetcopeaux.fr\/dev\/wp-content\/uploads\/2020\/09\/logo-blanc.png 990w, https:\/\/meublesetcopeaux.fr\/dev\/wp-content\/uploads\/2020\/09\/logo-blanc-300x183.png 300w, https:\/\/meublesetcopeaux.fr\/dev\/wp-content\/uploads\/2020\/09\/logo-blanc-768x469.png 768w, https:\/\/meublesetcopeaux.fr\/dev\/wp-content\/uploads\/2020\/09\/logo-blanc-600x366.png 600w\" sizes=\"auto, (max-width: 990px) 100vw, 990px\" \/><\/figure>\n\n\n\n<h2 class=\"wp-block-heading is-style-default has-base-color has-text-color has-link-color wp-elements-ef7a62626bd6a9b156727e5b7d9b6b8d\"><strong>Agencement et Ossature Ext\u00e9rieure<\/strong><\/h2>\n\n\n\n<p class=\"has-large-font-size\">Sp\u00e9cialiste de l\u2019agencement et de l\u2019ossature ext\u00e9rieure, je vous accompagne dans tous vos projets de menuiserie en ext\u00e9rieur, alliant esth\u00e9tique, durabilit\u00e9 et performance.<\/p>\n<\/div>\n\n\n\n<div class=\"wp-block-column is-vertically-aligned-center is-layout-flow wp-container-core-column-is-layout-119bc444 wp-block-column-is-layout-flow\" style=\"flex-basis:60%\">\n<ul class=\"wp-block-list is-style-checkmark-list\">\n<li><strong>Terrasses<\/strong> : Cr\u00e9ation sur mesure en bois ou en mat\u00e9riaux composites pour un espace ext\u00e9rieur chaleureux et r\u00e9sistant.<\/li>\n\n\n\n<li><strong>Pergolas &amp; Carports<\/strong> : Structures \u00e9l\u00e9gantes et robustes pour prot\u00e9ger vos v\u00e9hicules ou am\u00e9nager un coin d\u2019ombre agr\u00e9able.<\/li>\n\n\n\n<li><strong>Menuiseries ext\u00e9rieures<\/strong> : Fen\u00eatres, portes, volets et bardages, con\u00e7us pour allier isolation et esth\u00e9tisme.<\/li>\n\n\n\n<li><strong>Isolation Thermique par l\u2019Ext\u00e9rieur (ITE)<\/strong> : Une solution performante pour am\u00e9liorer votre confort tout en r\u00e9alisant des \u00e9conomies d\u2019\u00e9nergie.<\/li>\n<\/ul>\n<\/div>\n<\/div>\n<\/div>\n\n\n\n<aside class=\"wp-block-group alignfull is-style-section-3 has-global-padding is-layout-constrained wp-container-core-group-is-layout-f0f2a97b wp-block-group-is-layout-constrained has-background is-style-section-3--2\" style=\"margin-top:0;margin-bottom:0;padding-top:var(--wp--preset--spacing--50);padding-right:var(--wp--preset--spacing--50);padding-bottom:var(--wp--preset--spacing--50);padding-left:var(--wp--preset--spacing--50);background-image:url(&#039;https:\/\/meublesetcopeaux.fr\/dev\/wp-content\/uploads\/2025\/02\/WoodPlanksOld0151_18_350-1.jpg&#039;);background-size:cover;\">\n<div class=\"wp-block-group is-vertical is-content-justification-center is-layout-flex wp-container-core-group-is-layout-8778ca4a wp-block-group-is-layout-flex\" style=\"min-height:360px;margin-top:0;margin-bottom:0\">\n<h2 class=\"wp-block-heading has-text-align-center has-base-color has-text-color has-link-color has-xx-large-font-size wp-elements-cc63cbccb0700777965c159b0c79785b\">Discutons ensemble de vos attentes : contactez-moi pour fixer un rendez-vous.<\/h2>\n\n\n\n<p class=\"has-text-align-center is-style-text-subtitle has-accent-5-color has-text-color has-link-color wp-elements-38b76818ab87a4d2c47091776a33c612 is-style-text-subtitle--3\">Promis, je ne mords pas\u2026 sauf peut-\u00eatre dans un bon projet bois !<\/p>\n\n\n\n<div style=\"height:0px\" aria-hidden=\"true\" class=\"wp-block-spacer wp-container-content-62aae154\"><\/div>\n\n\n\n<div class=\"wp-block-buttons is-content-justification-center is-layout-flex wp-container-core-buttons-is-layout-a89b3969 wp-block-buttons-is-layout-flex\">\n<div class=\"wp-block-button\"><a class=\"wp-block-button__link has-text-align-center wp-element-button\" href=\"https:\/\/meublesetcopeaux.fr\/dev\/contact\/\">Contact<\/a><\/div>\n<\/div>\n<\/div>\n<\/aside>\n","protected":false},"excerpt":{"rendered":"<p>Agencement et Ossature Ext\u00e9rieure Sp\u00e9cialiste de l\u2019agencement et de l\u2019ossature ext\u00e9rieure, je vous accompagne dans tous vos projets de menuiserie en ext\u00e9rieur, alliant esth\u00e9tique, durabilit\u00e9 et performance.<\/p>\n","protected":false},"author":2,"featured_media":732,"parent":773,"menu_order":0,"comment_status":"closed","ping_status":"closed","template":"","meta":{"footnotes":""},"class_list":["post-873","page","type-page","status-publish","has-post-thumbnail","hentry"],"yoast_head":"<!-- This site is optimized with the Yoast SEO plugin v24.5 - https:\/\/yoast.com\/wordpress\/plugins\/seo\/ -->\n<title>Agencement et ossature ext\u00e9rieure - Meubles et Copeaux<\/title>\n<meta name=\"robots\" content=\"index, follow, max-snippet:-1, max-image-preview:large, max-video-preview:-1\" \/>\n<link rel=\"canonical\" href=\"https:\/\/meublesetcopeaux.fr\/dev\/services\/agencement-et-ossature-exterieur\/\" \/>\n<meta property=\"og:locale\" content=\"en_US\" \/>\n<meta property=\"og:type\" content=\"article\" \/>\n<meta property=\"og:title\" content=\"Agencement et ossature ext\u00e9rieure - Meubles et Copeaux\" \/>\n<meta property=\"og:description\" content=\"Agencement et Ossature Ext\u00e9rieure Sp\u00e9cialiste de l\u2019agencement et de l\u2019ossature ext\u00e9rieure, je vous accompagne dans tous vos projets de menuiserie en ext\u00e9rieur, alliant esth\u00e9tique, durabilit\u00e9 et performance.\" \/>\n<meta property=\"og:url\" content=\"https:\/\/meublesetcopeaux.fr\/dev\/services\/agencement-et-ossature-exterieur\/\" \/>\n<meta property=\"og:site_name\" content=\"Meubles et Copeaux\" \/>\n<meta property=\"article:modified_time\" content=\"2025-04-18T10:16:46+00:00\" \/>\n<meta property=\"og:image\" content=\"https:\/\/meublesetcopeaux.fr\/dev\/wp-content\/uploads\/2021\/02\/Maison-ossature-bois-nb.jpg\" \/>\n\t<meta property=\"og:image:width\" content=\"800\" \/>\n\t<meta property=\"og:image:height\" content=\"600\" \/>\n\t<meta property=\"og:image:type\" content=\"image\/jpeg\" \/>\n<meta name=\"twitter:card\" content=\"summary_large_image\" \/>\n<meta name=\"twitter:label1\" content=\"Est. reading time\" \/>\n\t<meta name=\"twitter:data1\" content=\"1 minute\" \/>\n<script type=\"application\/ld+json\" class=\"yoast-schema-graph\">{\"@context\":\"https:\/\/schema.org\",\"@graph\":[{\"@type\":\"WebPage\",\"@id\":\"https:\/\/meublesetcopeaux.fr\/dev\/services\/agencement-et-ossature-exterieur\/\",\"url\":\"https:\/\/meublesetcopeaux.fr\/dev\/services\/agencement-et-ossature-exterieur\/\",\"name\":\"Agencement et ossature ext\u00e9rieure - Meubles et Copeaux\",\"isPartOf\":{\"@id\":\"\/#website\"},\"primaryImageOfPage\":{\"@id\":\"https:\/\/meublesetcopeaux.fr\/dev\/services\/agencement-et-ossature-exterieur\/#primaryimage\"},\"image\":{\"@id\":\"https:\/\/meublesetcopeaux.fr\/dev\/services\/agencement-et-ossature-exterieur\/#primaryimage\"},\"thumbnailUrl\":\"https:\/\/meublesetcopeaux.fr\/dev\/wp-content\/uploads\/2021\/02\/Maison-ossature-bois-nb.jpg\",\"datePublished\":\"2025-02-26T15:03:25+00:00\",\"dateModified\":\"2025-04-18T10:16:46+00:00\",\"breadcrumb\":{\"@id\":\"https:\/\/meublesetcopeaux.fr\/dev\/services\/agencement-et-ossature-exterieur\/#breadcrumb\"},\"inLanguage\":\"en-US\",\"potentialAction\":[{\"@type\":\"ReadAction\",\"target\":[\"https:\/\/meublesetcopeaux.fr\/dev\/services\/agencement-et-ossature-exterieur\/\"]}]},{\"@type\":\"ImageObject\",\"inLanguage\":\"en-US\",\"@id\":\"https:\/\/meublesetcopeaux.fr\/dev\/services\/agencement-et-ossature-exterieur\/#primaryimage\",\"url\":\"https:\/\/meublesetcopeaux.fr\/dev\/wp-content\/uploads\/2021\/02\/Maison-ossature-bois-nb.jpg\",\"contentUrl\":\"https:\/\/meublesetcopeaux.fr\/dev\/wp-content\/uploads\/2021\/02\/Maison-ossature-bois-nb.jpg\",\"width\":800,\"height\":600},{\"@type\":\"BreadcrumbList\",\"@id\":\"https:\/\/meublesetcopeaux.fr\/dev\/services\/agencement-et-ossature-exterieur\/#breadcrumb\",\"itemListElement\":[{\"@type\":\"ListItem\",\"position\":1,\"name\":\"Home\",\"item\":\"https:\/\/meublesetcopeaux.fr\/dev\/\"},{\"@type\":\"ListItem\",\"position\":2,\"name\":\"Services\",\"item\":\"https:\/\/meublesetcopeaux.fr\/dev\/services\/\"},{\"@type\":\"ListItem\",\"position\":3,\"name\":\"Agencement et ossature ext\u00e9rieure\"}]},{\"@type\":\"WebSite\",\"@id\":\"\/#website\",\"url\":\"\/\",\"name\":\"Meubles et Copeaux\",\"description\":\"Le travail du bois en conscience\",\"publisher\":{\"@id\":\"\/#organization\"},\"potentialAction\":[{\"@type\":\"SearchAction\",\"target\":{\"@type\":\"EntryPoint\",\"urlTemplate\":\"\/?s={search_term_string}\"},\"query-input\":{\"@type\":\"PropertyValueSpecification\",\"valueRequired\":true,\"valueName\":\"search_term_string\"}}],\"inLanguage\":\"en-US\"},{\"@type\":\"Organization\",\"@id\":\"\/#organization\",\"name\":\"Meubles et Copeaux\",\"url\":\"\/\",\"logo\":{\"@type\":\"ImageObject\",\"inLanguage\":\"en-US\",\"@id\":\"\/#\/schema\/logo\/image\/\",\"url\":\"https:\/\/meublesetcopeaux.fr\/dev\/wp-content\/uploads\/2021\/02\/logo-orange.png\",\"contentUrl\":\"https:\/\/meublesetcopeaux.fr\/dev\/wp-content\/uploads\/2021\/02\/logo-orange.png\",\"width\":990,\"height\":604,\"caption\":\"Meubles et Copeaux\"},\"image\":{\"@id\":\"\/#\/schema\/logo\/image\/\"}}]}<\/script>\n<!-- \/ Yoast SEO plugin. -->","yoast_head_json":{"title":"Agencement et ossature ext\u00e9rieure - Meubles et Copeaux","robots":{"index":"index","follow":"follow","max-snippet":"max-snippet:-1","max-image-preview":"max-image-preview:large","max-video-preview":"max-video-preview:-1"},"canonical":"https:\/\/meublesetcopeaux.fr\/dev\/services\/agencement-et-ossature-exterieur\/","og_locale":"en_US","og_type":"article","og_title":"Agencement et ossature ext\u00e9rieure - Meubles et Copeaux","og_description":"Agencement et Ossature Ext\u00e9rieure Sp\u00e9cialiste de l\u2019agencement et de l\u2019ossature ext\u00e9rieure, je vous accompagne dans tous vos projets de menuiserie en ext\u00e9rieur, alliant esth\u00e9tique, durabilit\u00e9 et performance.","og_url":"https:\/\/meublesetcopeaux.fr\/dev\/services\/agencement-et-ossature-exterieur\/","og_site_name":"Meubles et Copeaux","article_modified_time":"2025-04-18T10:16:46+00:00","og_image":[{"width":800,"height":600,"url":"https:\/\/meublesetcopeaux.fr\/dev\/wp-content\/uploads\/2021\/02\/Maison-ossature-bois-nb.jpg","type":"image\/jpeg"}],"twitter_card":"summary_large_image","twitter_misc":{"Est. reading time":"1 minute"},"schema":{"@context":"https:\/\/schema.org","@graph":[{"@type":"WebPage","@id":"https:\/\/meublesetcopeaux.fr\/dev\/services\/agencement-et-ossature-exterieur\/","url":"https:\/\/meublesetcopeaux.fr\/dev\/services\/agencement-et-ossature-exterieur\/","name":"Agencement et ossature ext\u00e9rieure - Meubles et Copeaux","isPartOf":{"@id":"\/#website"},"primaryImageOfPage":{"@id":"https:\/\/meublesetcopeaux.fr\/dev\/services\/agencement-et-ossature-exterieur\/#primaryimage"},"image":{"@id":"https:\/\/meublesetcopeaux.fr\/dev\/services\/agencement-et-ossature-exterieur\/#primaryimage"},"thumbnailUrl":"https:\/\/meublesetcopeaux.fr\/dev\/wp-content\/uploads\/2021\/02\/Maison-ossature-bois-nb.jpg","datePublished":"2025-02-26T15:03:25+00:00","dateModified":"2025-04-18T10:16:46+00:00","breadcrumb":{"@id":"https:\/\/meublesetcopeaux.fr\/dev\/services\/agencement-et-ossature-exterieur\/#breadcrumb"},"inLanguage":"en-US","potentialAction":[{"@type":"ReadAction","target":["https:\/\/meublesetcopeaux.fr\/dev\/services\/agencement-et-ossature-exterieur\/"]}]},{"@type":"ImageObject","inLanguage":"en-US","@id":"https:\/\/meublesetcopeaux.fr\/dev\/services\/agencement-et-ossature-exterieur\/#primaryimage","url":"https:\/\/meublesetcopeaux.fr\/dev\/wp-content\/uploads\/2021\/02\/Maison-ossature-bois-nb.jpg","contentUrl":"https:\/\/meublesetcopeaux.fr\/dev\/wp-content\/uploads\/2021\/02\/Maison-ossature-bois-nb.jpg","width":800,"height":600},{"@type":"BreadcrumbList","@id":"https:\/\/meublesetcopeaux.fr\/dev\/services\/agencement-et-ossature-exterieur\/#breadcrumb","itemListElement":[{"@type":"ListItem","position":1,"name":"Home","item":"https:\/\/meublesetcopeaux.fr\/dev\/"},{"@type":"ListItem","position":2,"name":"Services","item":"https:\/\/meublesetcopeaux.fr\/dev\/services\/"},{"@type":"ListItem","position":3,"name":"Agencement et ossature ext\u00e9rieure"}]},{"@type":"WebSite","@id":"\/#website","url":"\/","name":"Meubles et Copeaux","description":"Le travail du bois en conscience","publisher":{"@id":"\/#organization"},"potentialAction":[{"@type":"SearchAction","target":{"@type":"EntryPoint","urlTemplate":"\/?s={search_term_string}"},"query-input":{"@type":"PropertyValueSpecification","valueRequired":true,"valueName":"search_term_string"}}],"inLanguage":"en-US"},{"@type":"Organization","@id":"\/#organization","name":"Meubles et Copeaux","url":"\/","logo":{"@type":"ImageObject","inLanguage":"en-US","@id":"\/#\/schema\/logo\/image\/","url":"https:\/\/meublesetcopeaux.fr\/dev\/wp-content\/uploads\/2021\/02\/logo-orange.png","contentUrl":"https:\/\/meublesetcopeaux.fr\/dev\/wp-content\/uploads\/2021\/02\/logo-orange.png","width":990,"height":604,"caption":"Meubles et Copeaux"},"image":{"@id":"\/#\/schema\/logo\/image\/"}}]}},"_links":{"self":[{"href":"https:\/\/meublesetcopeaux.fr\/dev\/wp-json\/wp\/v2\/pages\/873","targetHints":{"allow":["GET"]}}],"collection":[{"href":"https:\/\/meublesetcopeaux.fr\/dev\/wp-json\/wp\/v2\/pages"}],"about":[{"href":"https:\/\/meublesetcopeaux.fr\/dev\/wp-json\/wp\/v2\/types\/page"}],"author":[{"embeddable":true,"href":"https:\/\/meublesetcopeaux.fr\/dev\/wp-json\/wp\/v2\/users\/2"}],"replies":[{"embeddable":true,"href":"https:\/\/meublesetcopeaux.fr\/dev\/wp-json\/wp\/v2\/comments?post=873"}],"version-history":[{"count":7,"href":"https:\/\/meublesetcopeaux.fr\/dev\/wp-json\/wp\/v2\/pages\/873\/revisions"}],"predecessor-version":[{"id":894,"href":"https:\/\/meublesetcopeaux.fr\/dev\/wp-json\/wp\/v2\/pages\/873\/revisions\/894"}],"up":[{"embeddable":true,"href":"https:\/\/meublesetcopeaux.fr\/dev\/wp-json\/wp\/v2\/pages\/773"}],"wp:featuredmedia":[{"embeddable":true,"href":"https:\/\/meublesetcopeaux.fr\/dev\/wp-json\/wp\/v2\/media\/732"}],"wp:attachment":[{"href":"https:\/\/meublesetcopeaux.fr\/dev\/wp-json\/wp\/v2\/media?parent=873"}],"curies":[{"name":"wp","href":"https:\/\/api.w.org\/{rel}","templated":true}]}}